{"id":87004,"date":"2023-10-23T19:47:41","date_gmt":"2023-10-23T19:47:41","guid":{"rendered":"https:\/\/afsbprod.wpenginepowered.com\/?page_id=87004"},"modified":"2023-11-14T18:52:59","modified_gmt":"2023-11-14T18:52:59","slug":"ressources","status":"publish","type":"page","link":"https:\/\/allianceforsatellitebroadband.org\/fr\/ressources\/","title":{"rendered":"Ressources"},"content":{"rendered":"\t\t<div data-elementor-type=\"wp-page\" data-elementor-id=\"87004\" class=\"elementor elementor-87004 elementor-87001\" data-elementor-post-type=\"page\">\n\t\t\t\t\t\t<section class=\"elementor-section elementor-top-section elementor-element elementor-element-9f701d8 elementor-section-height-min-height elementor-section-content-middle elementor-section-items-stretch elementor-hidden-desktop elementor-hidden-tablet elementor-hidden-mobile elementor-section-boxed elementor-section-height-default\" data-id=\"9f701d8\" data-element_type=\"section\" data-e-type=\"section\" data-settings=\"{&quot;background_background&quot;:&quot;classic&quot;,&quot;background_motion_fx_translateY_speed&quot;:{&quot;unit&quot;:&quot;px&quot;,&quot;size&quot;:6,&quot;sizes&quot;:[]},&quot;animation&quot;:&quot;none&quot;,&quot;background_motion_fx_translateY_effect&quot;:&quot;yes&quot;,&quot;motion_fx_motion_fx_scrolling&quot;:&quot;yes&quot;,&quot;background_motion_fx_motion_fx_scrolling&quot;:&quot;yes&quot;,&quot;background_motion_fx_translateY_affectedRange&quot;:{&quot;unit&quot;:&quot;%&quot;,&quot;size&quot;:&quot;&quot;,&quot;sizes&quot;:{&quot;start&quot;:0,&quot;end&quot;:100}},&quot;background_motion_fx_devices&quot;:[&quot;desktop&quot;,&quot;tablet&quot;,&quot;mobile&quot;],&quot;motion_fx_devices&quot;:[&quot;desktop&quot;,&quot;tablet&quot;,&quot;mobile&quot;]}\">\n\t\t\t\t\t\t<div class=\"elementor-container elementor-column-gap-wide\">\n\t\t\t\t\t<div class=\"elementor-column elementor-col-100 elementor-top-column elementor-element elementor-element-d2e1974\" data-id=\"d2e1974\" data-element_type=\"column\" data-e-type=\"column\" data-settings=\"{&quot;background_background&quot;:&quot;classic&quot;,&quot;background_motion_fx_motion_fx_scrolling&quot;:&quot;yes&quot;,&quot;background_motion_fx_blur_effect&quot;:&quot;yes&quot;,&quot;background_motion_fx_blur_level&quot;:{&quot;unit&quot;:&quot;px&quot;,&quot;size&quot;:11,&quot;sizes&quot;:[]},&quot;background_motion_fx_blur_range&quot;:{&quot;unit&quot;:&quot;%&quot;,&quot;size&quot;:&quot;&quot;,&quot;sizes&quot;:{&quot;start&quot;:20,&quot;end&quot;:73}},&quot;background_motion_fx_blur_direction&quot;:&quot;out-in&quot;,&quot;background_motion_fx_devices&quot;:[&quot;desktop&quot;,&quot;tablet&quot;,&quot;mobile&quot;]}\">\n\t\t\t<div class=\"elementor-widget-wrap elementor-element-populated\">\n\t\t\t\t\t\t<div class=\"elementor-element elementor-element-d8c081f elementor-invisible elementor-widget elementor-widget-image\" data-id=\"d8c081f\" data-element_type=\"widget\" data-e-type=\"widget\" data-settings=\"{&quot;_animation&quot;:&quot;fadeInDown&quot;,&quot;_animation_delay&quot;:850}\" data-widget_type=\"image.default\">\n\t\t\t\t\t\t\t\t\t\t\t\t\t\t\t<img fetchpriority=\"high\" decoding=\"async\" width=\"1024\" height=\"363\" src=\"https:\/\/allianceforsatellitebroadband.org\/wp-content\/uploads\/2023\/10\/alliance-for-satellite-broadband-e1697141405115-1024x363.png\" class=\"attachment-large size-large wp-image-86985\" alt=\"Alliance for Satellite Broadband\" srcset=\"https:\/\/allianceforsatellitebroadband.org\/wp-content\/uploads\/2023\/10\/alliance-for-satellite-broadband-e1697141405115-1024x363.png 1024w, https:\/\/allianceforsatellitebroadband.org\/wp-content\/uploads\/2023\/10\/alliance-for-satellite-broadband-e1697141405115-300x106.png 300w, https:\/\/allianceforsatellitebroadband.org\/wp-content\/uploads\/2023\/10\/alliance-for-satellite-broadband-e1697141405115-768x273.png 768w, https:\/\/allianceforsatellitebroadband.org\/wp-content\/uploads\/2023\/10\/alliance-for-satellite-broadband-e1697141405115.png 1479w\" sizes=\"(max-width: 1024px) 100vw, 1024px\" \/>\t\t\t\t\t\t\t\t\t\t\t\t\t\t\t<\/div>\n\t\t\t\t\t<\/div>\n\t\t<\/div>\n\t\t\t\t\t<\/div>\n\t\t<\/section>\n\t\t<div class=\"elementor-element elementor-element-146241d e-flex e-con-boxed elementor-invisible e-con e-parent\" data-id=\"146241d\" data-element_type=\"container\" data-e-type=\"container\" data-settings=\"{&quot;animation&quot;:&quot;fadeInUp&quot;}\">\n\t\t\t\t\t<div class=\"e-con-inner\">\n\t\t\t\t<div class=\"elementor-element elementor-element-cfffa45 elementor-widget elementor-widget-heading\" data-id=\"cfffa45\" data-element_type=\"widget\" data-e-type=\"widget\" data-widget_type=\"heading.default\">\n\t\t\t\t\t<h1 class=\"elementor-heading-title elementor-size-xl\">Ressources<\/h1>\t\t\t\t<\/div>\n\t\t\t\t\t<\/div>\n\t\t\t\t<\/div>\n\t\t<div class=\"elementor-element elementor-element-4f563d6 e-flex e-con-boxed e-con e-parent\" data-id=\"4f563d6\" data-element_type=\"container\" data-e-type=\"container\">\n\t\t\t\t\t<div class=\"e-con-inner\">\n\t\t\t\t\t<\/div>\n\t\t\t\t<\/div>\n\t\t\t\t<\/div>\n\t\t","protected":false},"excerpt":{"rendered":"<p>Ressources<\/p>\n","protected":false},"author":2,"featured_media":0,"parent":0,"menu_order":10,"comment_status":"closed","ping_status":"closed","template":"elementor_header_footer","meta":{"_acf_changed":false,"footnotes":"","_links_to":"","_links_to_target":""},"class_list":["post-87004","page","type-page","status-publish","hentry"],"acf":[],"yoast_head":"<!-- This site is optimized with the Yoast SEO plugin v27.3 - https:\/\/yoast.com\/product\/yoast-seo-wordpress\/ -->\n<title>Alliance for Satellite Broadband<\/title>\n<meta name=\"robots\" content=\"index, follow, max-snippet:-1, max-image-preview:large, max-video-preview:-1\" \/>\n<link rel=\"canonical\" href=\"https:\/\/allianceforsatellitebroadband.org\/fr\/ressources\/\" \/>\n<meta property=\"og:locale\" content=\"fr_FR\" \/>\n<meta property=\"og:type\" content=\"article\" \/>\n<meta property=\"og:title\" content=\"Alliance for Satellite Broadband\" \/>\n<meta property=\"og:description\" content=\"Reconna\u00eetre tout le potentiel des satellites non OSG pour la connectivit\u00e9 \u00e0 large bande, nous exhortons l&#039;UIT \u00e0 s&#039;engager \u00e0 \u00e9tudier les r\u00e8gles relatives aux limites de puissance epfd des satellites lors de la WRC-23.\" \/>\n<meta property=\"og:url\" content=\"https:\/\/allianceforsatellitebroadband.org\/fr\/ressources\/\" \/>\n<meta property=\"og:site_name\" content=\"Alliance for Satellite Broadband\" \/>\n<meta property=\"article:modified_time\" content=\"2023-11-14T18:52:59+00:00\" \/>\n<meta property=\"og:image\" content=\"https:\/\/afsbprod.wpenginepowered.com\/wp-content\/uploads\/2023\/10\/alliance-for-satellite-broadband-social-share-1024x576.png\" \/>\n<meta name=\"twitter:card\" content=\"summary_large_image\" \/>\n<meta name=\"twitter:title\" content=\"Alliance for Satellite Broadband\" \/>\n<meta name=\"twitter:description\" content=\"Reconna\u00eetre tout le potentiel des satellites non OSG pour la connectivit\u00e9 \u00e0 large bande, nous exhortons l&#039;UIT \u00e0 s&#039;engager \u00e0 \u00e9tudier les r\u00e8gles relatives aux limites de puissance epfd des satellites lors de la WRC-23.\" \/>\n<meta name=\"twitter:image\" content=\"https:\/\/afsbprod.wpenginepowered.com\/wp-content\/uploads\/2023\/10\/alliance-for-satellite-broadband-social-share-1024x576.png\" \/>\n<meta name=\"twitter:label1\" content=\"Dur\u00e9e de lecture estim\u00e9e\" \/>\n\t<meta name=\"twitter:data1\" content=\"1 minute\" \/>\n<script type=\"application\/ld+json\" class=\"yoast-schema-graph\">{\"@context\":\"https:\\\/\\\/schema.org\",\"@graph\":[{\"@type\":\"WebPage\",\"@id\":\"https:\\\/\\\/allianceforsatellitebroadband.org\\\/fr\\\/ressources\\\/\",\"url\":\"https:\\\/\\\/allianceforsatellitebroadband.org\\\/fr\\\/ressources\\\/\",\"name\":\"Alliance for Satellite Broadband\",\"isPartOf\":{\"@id\":\"https:\\\/\\\/allianceforsatellitebroadband.org\\\/fr\\\/#website\"},\"primaryImageOfPage\":{\"@id\":\"https:\\\/\\\/allianceforsatellitebroadband.org\\\/fr\\\/ressources\\\/#primaryimage\"},\"image\":{\"@id\":\"https:\\\/\\\/allianceforsatellitebroadband.org\\\/fr\\\/ressources\\\/#primaryimage\"},\"thumbnailUrl\":\"https:\\\/\\\/allianceforsatellitebroadband.org\\\/wp-content\\\/uploads\\\/2023\\\/10\\\/alliance-for-satellite-broadband-e1697141405115-1024x363.png\",\"datePublished\":\"2023-10-23T19:47:41+00:00\",\"dateModified\":\"2023-11-14T18:52:59+00:00\",\"breadcrumb\":{\"@id\":\"https:\\\/\\\/allianceforsatellitebroadband.org\\\/fr\\\/ressources\\\/#breadcrumb\"},\"inLanguage\":\"fr-FR\",\"potentialAction\":[{\"@type\":\"ReadAction\",\"target\":[\"https:\\\/\\\/allianceforsatellitebroadband.org\\\/fr\\\/ressources\\\/\"]}]},{\"@type\":\"ImageObject\",\"inLanguage\":\"fr-FR\",\"@id\":\"https:\\\/\\\/allianceforsatellitebroadband.org\\\/fr\\\/ressources\\\/#primaryimage\",\"url\":\"https:\\\/\\\/allianceforsatellitebroadband.org\\\/wp-content\\\/uploads\\\/2023\\\/10\\\/alliance-for-satellite-broadband-e1697141405115-1024x363.png\",\"contentUrl\":\"https:\\\/\\\/allianceforsatellitebroadband.org\\\/wp-content\\\/uploads\\\/2023\\\/10\\\/alliance-for-satellite-broadband-e1697141405115-1024x363.png\"},{\"@type\":\"BreadcrumbList\",\"@id\":\"https:\\\/\\\/allianceforsatellitebroadband.org\\\/fr\\\/ressources\\\/#breadcrumb\",\"itemListElement\":[{\"@type\":\"ListItem\",\"position\":1,\"name\":\"Home\",\"item\":\"https:\\\/\\\/allianceforsatellitebroadband.org\\\/fr\\\/maison\\\/\"},{\"@type\":\"ListItem\",\"position\":2,\"name\":\"Ressources\"}]},{\"@type\":\"WebSite\",\"@id\":\"https:\\\/\\\/allianceforsatellitebroadband.org\\\/fr\\\/#website\",\"url\":\"https:\\\/\\\/allianceforsatellitebroadband.org\\\/fr\\\/\",\"name\":\"Alliance for Satellite Broadband\",\"description\":\"To recognize the full potential of non-GSO satellites for broadband connectivity, we urge the ITU to commit to studying the rules around satellite epfd power limits at WRC-23.\",\"publisher\":{\"@id\":\"https:\\\/\\\/allianceforsatellitebroadband.org\\\/fr\\\/#organization\"},\"potentialAction\":[{\"@type\":\"SearchAction\",\"target\":{\"@type\":\"EntryPoint\",\"urlTemplate\":\"https:\\\/\\\/allianceforsatellitebroadband.org\\\/fr\\\/?s={search_term_string}\"},\"query-input\":{\"@type\":\"PropertyValueSpecification\",\"valueRequired\":true,\"valueName\":\"search_term_string\"}}],\"inLanguage\":\"fr-FR\"},{\"@type\":\"Organization\",\"@id\":\"https:\\\/\\\/allianceforsatellitebroadband.org\\\/fr\\\/#organization\",\"name\":\"Alliance for Satellite Broadband\",\"url\":\"https:\\\/\\\/allianceforsatellitebroadband.org\\\/fr\\\/\",\"logo\":{\"@type\":\"ImageObject\",\"inLanguage\":\"fr-FR\",\"@id\":\"https:\\\/\\\/allianceforsatellitebroadband.org\\\/fr\\\/#\\\/schema\\\/logo\\\/image\\\/\",\"url\":\"https:\\\/\\\/allianceforsatellitebroadband.org\\\/wp-content\\\/uploads\\\/2023\\\/10\\\/ASB-logo-main-transparent-reverse.png\",\"contentUrl\":\"https:\\\/\\\/allianceforsatellitebroadband.org\\\/wp-content\\\/uploads\\\/2023\\\/10\\\/ASB-logo-main-transparent-reverse.png\",\"width\":1200,\"height\":554,\"caption\":\"Alliance for Satellite Broadband\"},\"image\":{\"@id\":\"https:\\\/\\\/allianceforsatellitebroadband.org\\\/fr\\\/#\\\/schema\\\/logo\\\/image\\\/\"}}]}<\/script>\n<!-- \/ Yoast SEO plugin. -->","yoast_head_json":{"title":"Alliance for Satellite Broadband","robots":{"index":"index","follow":"follow","max-snippet":"max-snippet:-1","max-image-preview":"max-image-preview:large","max-video-preview":"max-video-preview:-1"},"canonical":"https:\/\/allianceforsatellitebroadband.org\/fr\/ressources\/","og_locale":"fr_FR","og_type":"article","og_title":"Alliance for Satellite Broadband","og_description":"Reconna\u00eetre tout le potentiel des satellites non OSG pour la connectivit\u00e9 \u00e0 large bande, nous exhortons l'UIT \u00e0 s'engager \u00e0 \u00e9tudier les r\u00e8gles relatives aux limites de puissance epfd des satellites lors de la WRC-23.","og_url":"https:\/\/allianceforsatellitebroadband.org\/fr\/ressources\/","og_site_name":"Alliance for Satellite Broadband","article_modified_time":"2023-11-14T18:52:59+00:00","og_image":[{"url":"https:\/\/afsbprod.wpenginepowered.com\/wp-content\/uploads\/2023\/10\/alliance-for-satellite-broadband-social-share-1024x576.png","type":"","width":"","height":""}],"twitter_card":"summary_large_image","twitter_title":"Alliance for Satellite Broadband","twitter_description":"Reconna\u00eetre tout le potentiel des satellites non OSG pour la connectivit\u00e9 \u00e0 large bande, nous exhortons l'UIT \u00e0 s'engager \u00e0 \u00e9tudier les r\u00e8gles relatives aux limites de puissance epfd des satellites lors de la WRC-23.","twitter_image":"https:\/\/afsbprod.wpenginepowered.com\/wp-content\/uploads\/2023\/10\/alliance-for-satellite-broadband-social-share-1024x576.png","twitter_misc":{"Dur\u00e9e de lecture estim\u00e9e":"1 minute"},"schema":{"@context":"https:\/\/schema.org","@graph":[{"@type":"WebPage","@id":"https:\/\/allianceforsatellitebroadband.org\/fr\/ressources\/","url":"https:\/\/allianceforsatellitebroadband.org\/fr\/ressources\/","name":"Alliance for Satellite Broadband","isPartOf":{"@id":"https:\/\/allianceforsatellitebroadband.org\/fr\/#website"},"primaryImageOfPage":{"@id":"https:\/\/allianceforsatellitebroadband.org\/fr\/ressources\/#primaryimage"},"image":{"@id":"https:\/\/allianceforsatellitebroadband.org\/fr\/ressources\/#primaryimage"},"thumbnailUrl":"https:\/\/allianceforsatellitebroadband.org\/wp-content\/uploads\/2023\/10\/alliance-for-satellite-broadband-e1697141405115-1024x363.png","datePublished":"2023-10-23T19:47:41+00:00","dateModified":"2023-11-14T18:52:59+00:00","breadcrumb":{"@id":"https:\/\/allianceforsatellitebroadband.org\/fr\/ressources\/#breadcrumb"},"inLanguage":"fr-FR","potentialAction":[{"@type":"ReadAction","target":["https:\/\/allianceforsatellitebroadband.org\/fr\/ressources\/"]}]},{"@type":"ImageObject","inLanguage":"fr-FR","@id":"https:\/\/allianceforsatellitebroadband.org\/fr\/ressources\/#primaryimage","url":"https:\/\/allianceforsatellitebroadband.org\/wp-content\/uploads\/2023\/10\/alliance-for-satellite-broadband-e1697141405115-1024x363.png","contentUrl":"https:\/\/allianceforsatellitebroadband.org\/wp-content\/uploads\/2023\/10\/alliance-for-satellite-broadband-e1697141405115-1024x363.png"},{"@type":"BreadcrumbList","@id":"https:\/\/allianceforsatellitebroadband.org\/fr\/ressources\/#breadcrumb","itemListElement":[{"@type":"ListItem","position":1,"name":"Home","item":"https:\/\/allianceforsatellitebroadband.org\/fr\/maison\/"},{"@type":"ListItem","position":2,"name":"Ressources"}]},{"@type":"WebSite","@id":"https:\/\/allianceforsatellitebroadband.org\/fr\/#website","url":"https:\/\/allianceforsatellitebroadband.org\/fr\/","name":"Alliance for Satellite Broadband","description":"To recognize the full potential of non-GSO satellites for broadband connectivity, we urge the ITU to commit to studying the rules around satellite epfd power limits at WRC-23.","publisher":{"@id":"https:\/\/allianceforsatellitebroadband.org\/fr\/#organization"},"potentialAction":[{"@type":"SearchAction","target":{"@type":"EntryPoint","urlTemplate":"https:\/\/allianceforsatellitebroadband.org\/fr\/?s={search_term_string}"},"query-input":{"@type":"PropertyValueSpecification","valueRequired":true,"valueName":"search_term_string"}}],"inLanguage":"fr-FR"},{"@type":"Organization","@id":"https:\/\/allianceforsatellitebroadband.org\/fr\/#organization","name":"Alliance for Satellite Broadband","url":"https:\/\/allianceforsatellitebroadband.org\/fr\/","logo":{"@type":"ImageObject","inLanguage":"fr-FR","@id":"https:\/\/allianceforsatellitebroadband.org\/fr\/#\/schema\/logo\/image\/","url":"https:\/\/allianceforsatellitebroadband.org\/wp-content\/uploads\/2023\/10\/ASB-logo-main-transparent-reverse.png","contentUrl":"https:\/\/allianceforsatellitebroadband.org\/wp-content\/uploads\/2023\/10\/ASB-logo-main-transparent-reverse.png","width":1200,"height":554,"caption":"Alliance for Satellite Broadband"},"image":{"@id":"https:\/\/allianceforsatellitebroadband.org\/fr\/#\/schema\/logo\/image\/"}}]}},"_links":{"self":[{"href":"https:\/\/allianceforsatellitebroadband.org\/fr\/wp-json\/wp\/v2\/pages\/87004","targetHints":{"allow":["GET"]}}],"collection":[{"href":"https:\/\/allianceforsatellitebroadband.org\/fr\/wp-json\/wp\/v2\/pages"}],"about":[{"href":"https:\/\/allianceforsatellitebroadband.org\/fr\/wp-json\/wp\/v2\/types\/page"}],"author":[{"embeddable":true,"href":"https:\/\/allianceforsatellitebroadband.org\/fr\/wp-json\/wp\/v2\/users\/2"}],"replies":[{"embeddable":true,"href":"https:\/\/allianceforsatellitebroadband.org\/fr\/wp-json\/wp\/v2\/comments?post=87004"}],"version-history":[{"count":0,"href":"https:\/\/allianceforsatellitebroadband.org\/fr\/wp-json\/wp\/v2\/pages\/87004\/revisions"}],"wp:attachment":[{"href":"https:\/\/allianceforsatellitebroadband.org\/fr\/wp-json\/wp\/v2\/media?parent=87004"}],"curies":[{"name":"wp","href":"https:\/\/api.w.org\/{rel}","templated":true}]}}